{"id":2461,"date":"2015-07-16T19:08:51","date_gmt":"2015-07-16T17:08:51","guid":{"rendered":"http:\/\/sinergiq.beweb.com.ar\/fr\/?page_id=2461"},"modified":"2015-09-30T14:34:56","modified_gmt":"2015-09-30T12:34:56","slug":"mentions-legales","status":"publish","type":"page","link":"https:\/\/sinergiq.com\/fr\/mentions-legales\/","title":{"rendered":"mentions l\u00e9gales"},"content":{"rendered":"<article  class=\"iconbox iconbox_top main_color    avia-builder-el-0  avia-builder-el-no-sibling  \"  itemscope=\"itemscope\" itemtype=\"https:\/\/schema.org\/CreativeWork\" ><div class=\"iconbox_content\"><header class=\"entry-content-header\"><div class=\"iconbox_icon heading-color\" aria-hidden='true' data-av_icon='\ue81f' data-av_iconfont='entypo-fontello'  ><\/div><h3 class='iconbox_content_title  '  itemprop=\"headline\"  >mentions l\u00e9gales<\/h3><\/header><div class='iconbox_content_container  '  itemprop=\"text\"  ><p>En conformit\u00e9 avec la loi \u00a034 \/ 2002, du 11 juillet sur les services de la soci\u00e9t\u00e9 de l&#8217;information et commerce \u00e9lectronique, voici les informations g\u00e9n\u00e9rales de ce site web :<\/p>\n<p><span style=\"font-weight: 400;\">SinergiQ S.C.P.<\/span><\/p>\n<p><span style=\"font-weight: 400;\">CIF: J64466527<\/span><\/p>\n<p><span style=\"font-weight: 400;\">Rambla Poblenou 38 1\u00ba 5\u00ba<\/span><\/p>\n<\/div><\/div><footer class=\"entry-footer\"><\/footer><\/article>\n","protected":false},"excerpt":{"rendered":"","protected":false},"author":1,"featured_media":0,"parent":0,"menu_order":0,"comment_status":"closed","ping_status":"closed","template":"","meta":{"footnotes":""},"class_list":["post-2461","page","type-page","status-publish","hentry"],"yoast_head":"<!-- This site is optimized with the Yoast SEO plugin v23.9 - https:\/\/yoast.com\/wordpress\/plugins\/seo\/ -->\n<title>mentions l\u00e9gales | Sinergiq - Asesor\u00eda en relaciones institucionales e internacionales<\/title>\n<meta name=\"robots\" content=\"index, follow, max-snippet:-1, max-image-preview:large, max-video-preview:-1\" \/>\n<link rel=\"canonical\" href=\"https:\/\/sinergiq.com\/fr\/mentions-legales\/\" \/>\n<meta property=\"og:locale\" content=\"fr_FR\" \/>\n<meta property=\"og:type\" content=\"article\" \/>\n<meta property=\"og:title\" content=\"mentions l\u00e9gales | Sinergiq - Asesor\u00eda en relaciones institucionales e internacionales\" \/>\n<meta property=\"og:url\" content=\"https:\/\/sinergiq.com\/fr\/mentions-legales\/\" \/>\n<meta property=\"og:site_name\" content=\"Sinergiq - Asesor\u00eda en relaciones institucionales e internacionales\" \/>\n<meta property=\"article:modified_time\" content=\"2015-09-30T12:34:56+00:00\" \/>\n<meta name=\"twitter:card\" content=\"summary_large_image\" \/>\n<script type=\"application\/ld+json\" class=\"yoast-schema-graph\">{\"@context\":\"https:\/\/schema.org\",\"@graph\":[{\"@type\":\"WebPage\",\"@id\":\"https:\/\/sinergiq.com\/fr\/mentions-legales\/\",\"url\":\"https:\/\/sinergiq.com\/fr\/mentions-legales\/\",\"name\":\"mentions l\u00e9gales | Sinergiq - Asesor\u00eda en relaciones institucionales e internacionales\",\"isPartOf\":{\"@id\":\"https:\/\/sinergiq.com\/#website\"},\"datePublished\":\"2015-07-16T17:08:51+00:00\",\"dateModified\":\"2015-09-30T12:34:56+00:00\",\"breadcrumb\":{\"@id\":\"https:\/\/sinergiq.com\/fr\/mentions-legales\/#breadcrumb\"},\"inLanguage\":\"fr-FR\",\"potentialAction\":[{\"@type\":\"ReadAction\",\"target\":[\"https:\/\/sinergiq.com\/fr\/mentions-legales\/\"]}]},{\"@type\":\"BreadcrumbList\",\"@id\":\"https:\/\/sinergiq.com\/fr\/mentions-legales\/#breadcrumb\",\"itemListElement\":[{\"@type\":\"ListItem\",\"position\":1,\"name\":\"Portada\",\"item\":\"https:\/\/sinergiq.com\/fr\/\"},{\"@type\":\"ListItem\",\"position\":2,\"name\":\"mentions l\u00e9gales\"}]},{\"@type\":\"WebSite\",\"@id\":\"https:\/\/sinergiq.com\/#website\",\"url\":\"https:\/\/sinergiq.com\/\",\"name\":\"Sinergiq - Asesor\u00eda en relaciones institucionales e internacionales\",\"description\":\"Relaciones que crean valor\",\"publisher\":{\"@id\":\"https:\/\/sinergiq.com\/#organization\"},\"potentialAction\":[{\"@type\":\"SearchAction\",\"target\":{\"@type\":\"EntryPoint\",\"urlTemplate\":\"https:\/\/sinergiq.com\/?s={search_term_string}\"},\"query-input\":{\"@type\":\"PropertyValueSpecification\",\"valueRequired\":true,\"valueName\":\"search_term_string\"}}],\"inLanguage\":\"fr-FR\"},{\"@type\":\"Organization\",\"@id\":\"https:\/\/sinergiq.com\/#organization\",\"name\":\"Sinergiq\",\"url\":\"https:\/\/sinergiq.com\/\",\"logo\":{\"@type\":\"ImageObject\",\"inLanguage\":\"fr-FR\",\"@id\":\"https:\/\/sinergiq.com\/#\/schema\/logo\/image\/\",\"url\":\"https:\/\/i0.wp.com\/sinergiq.com\/wp-content\/uploads\/2015\/08\/Logo-Sinergiq-English.jpg?fit=340%2C137&ssl=1\",\"contentUrl\":\"https:\/\/i0.wp.com\/sinergiq.com\/wp-content\/uploads\/2015\/08\/Logo-Sinergiq-English.jpg?fit=340%2C137&ssl=1\",\"width\":340,\"height\":137,\"caption\":\"Sinergiq\"},\"image\":{\"@id\":\"https:\/\/sinergiq.com\/#\/schema\/logo\/image\/\"}}]}<\/script>\n<!-- \/ Yoast SEO plugin. -->","yoast_head_json":{"title":"mentions l\u00e9gales | Sinergiq - Asesor\u00eda en relaciones institucionales e internacionales","robots":{"index":"index","follow":"follow","max-snippet":"max-snippet:-1","max-image-preview":"max-image-preview:large","max-video-preview":"max-video-preview:-1"},"canonical":"https:\/\/sinergiq.com\/fr\/mentions-legales\/","og_locale":"fr_FR","og_type":"article","og_title":"mentions l\u00e9gales | Sinergiq - Asesor\u00eda en relaciones institucionales e internacionales","og_url":"https:\/\/sinergiq.com\/fr\/mentions-legales\/","og_site_name":"Sinergiq - Asesor\u00eda en relaciones institucionales e internacionales","article_modified_time":"2015-09-30T12:34:56+00:00","twitter_card":"summary_large_image","schema":{"@context":"https:\/\/schema.org","@graph":[{"@type":"WebPage","@id":"https:\/\/sinergiq.com\/fr\/mentions-legales\/","url":"https:\/\/sinergiq.com\/fr\/mentions-legales\/","name":"mentions l\u00e9gales | Sinergiq - Asesor\u00eda en relaciones institucionales e internacionales","isPartOf":{"@id":"https:\/\/sinergiq.com\/#website"},"datePublished":"2015-07-16T17:08:51+00:00","dateModified":"2015-09-30T12:34:56+00:00","breadcrumb":{"@id":"https:\/\/sinergiq.com\/fr\/mentions-legales\/#breadcrumb"},"inLanguage":"fr-FR","potentialAction":[{"@type":"ReadAction","target":["https:\/\/sinergiq.com\/fr\/mentions-legales\/"]}]},{"@type":"BreadcrumbList","@id":"https:\/\/sinergiq.com\/fr\/mentions-legales\/#breadcrumb","itemListElement":[{"@type":"ListItem","position":1,"name":"Portada","item":"https:\/\/sinergiq.com\/fr\/"},{"@type":"ListItem","position":2,"name":"mentions l\u00e9gales"}]},{"@type":"WebSite","@id":"https:\/\/sinergiq.com\/#website","url":"https:\/\/sinergiq.com\/","name":"Sinergiq - Asesor\u00eda en relaciones institucionales e internacionales","description":"Relaciones que crean valor","publisher":{"@id":"https:\/\/sinergiq.com\/#organization"},"potentialAction":[{"@type":"SearchAction","target":{"@type":"EntryPoint","urlTemplate":"https:\/\/sinergiq.com\/?s={search_term_string}"},"query-input":{"@type":"PropertyValueSpecification","valueRequired":true,"valueName":"search_term_string"}}],"inLanguage":"fr-FR"},{"@type":"Organization","@id":"https:\/\/sinergiq.com\/#organization","name":"Sinergiq","url":"https:\/\/sinergiq.com\/","logo":{"@type":"ImageObject","inLanguage":"fr-FR","@id":"https:\/\/sinergiq.com\/#\/schema\/logo\/image\/","url":"https:\/\/i0.wp.com\/sinergiq.com\/wp-content\/uploads\/2015\/08\/Logo-Sinergiq-English.jpg?fit=340%2C137&ssl=1","contentUrl":"https:\/\/i0.wp.com\/sinergiq.com\/wp-content\/uploads\/2015\/08\/Logo-Sinergiq-English.jpg?fit=340%2C137&ssl=1","width":340,"height":137,"caption":"Sinergiq"},"image":{"@id":"https:\/\/sinergiq.com\/#\/schema\/logo\/image\/"}}]}},"_links":{"self":[{"href":"https:\/\/sinergiq.com\/fr\/wp-json\/wp\/v2\/pages\/2461","targetHints":{"allow":["GET"]}}],"collection":[{"href":"https:\/\/sinergiq.com\/fr\/wp-json\/wp\/v2\/pages"}],"about":[{"href":"https:\/\/sinergiq.com\/fr\/wp-json\/wp\/v2\/types\/page"}],"author":[{"embeddable":true,"href":"https:\/\/sinergiq.com\/fr\/wp-json\/wp\/v2\/users\/1"}],"replies":[{"embeddable":true,"href":"https:\/\/sinergiq.com\/fr\/wp-json\/wp\/v2\/comments?post=2461"}],"version-history":[{"count":3,"href":"https:\/\/sinergiq.com\/fr\/wp-json\/wp\/v2\/pages\/2461\/revisions"}],"predecessor-version":[{"id":2573,"href":"https:\/\/sinergiq.com\/fr\/wp-json\/wp\/v2\/pages\/2461\/revisions\/2573"}],"wp:attachment":[{"href":"https:\/\/sinergiq.com\/fr\/wp-json\/wp\/v2\/media?parent=2461"}],"curies":[{"name":"wp","href":"https:\/\/api.w.org\/{rel}","templated":true}]}}