{"id":2372,"date":"2015-01-08T10:46:23","date_gmt":"2015-01-08T09:46:23","guid":{"rendered":"http:\/\/sinergiq.beweb.com.ar\/en\/?page_id=2372"},"modified":"2015-08-05T18:51:50","modified_gmt":"2015-08-05T16:51:50","slug":"who-we-are","status":"publish","type":"page","link":"https:\/\/sinergiq.com\/en\/who-we-are\/","title":{"rendered":"Who we are"},"content":{"rendered":"<div id='av_section_1'  class='avia-section main_color avia-section-default avia-no-border-styling  avia-full-stretch av-parallax-section av-section-color-overlay-active avia-bg-style-parallax  avia-builder-el-0  el_before_av_section  avia-builder-el-first   av-minimum-height av-minimum-height-25  container_wrap sidebar_right' style=' '  data-section-bg-repeat='stretch' data-av_minimum_height_pc='25'><div class='av-parallax' data-avia-parallax-ratio='0.3' ><div class='av-parallax-inner main_color  avia-full-stretch' style = 'background-repeat: no-repeat; background-image: url(https:\/\/sinergiq.com\/wp-content\/uploads\/2015\/01\/quienes-somos-header.jpeg);background-attachment: scroll; background-position: center center; ' ><\/div><\/div><div class='av-section-color-overlay-wrap'><div class='av-section-color-overlay' style='opacity: 0.4; background-color: #0a0a0a; '><\/div><div class='container' ><main  role=\"main\" itemprop=\"mainContentOfPage\"  class='template-page content  av-content-small alpha units'><div class='post-entry post-entry-type-page post-entry-2372'><div class='entry-content-wrapper clearfix'>\n<div  style='padding-bottom:20px; color:#ffffff;' class='av-special-heading av-special-heading-h1 custom-color-heading blockquote modern-quote modern-centered  avia-builder-el-1  avia-builder-el-no-sibling  '><h1 class='av-special-heading-tag '  itemprop=\"headline\"  >WHO WE ARE<\/h1><div class='special-heading-border'><div class='special-heading-inner-border' style='border-color:#ffffff'><\/div><\/div><\/div>\n<\/div><\/div><\/main><!-- close content main element --><\/div><\/div><\/div><div id='av_section_2'  class='avia-section main_color avia-section-default avia-no-shadow  avia-bg-style-scroll  avia-builder-el-2  el_after_av_section  avia-builder-el-last   container_wrap sidebar_right' style=' '  ><div class='container' ><div class='template-page content  av-content-small alpha units'><div class='post-entry post-entry-type-page post-entry-2372'><div class='entry-content-wrapper clearfix'>\n<section class=\"av_textblock_section \"  itemscope=\"itemscope\" itemtype=\"https:\/\/schema.org\/CreativeWork\" ><div class='avia_textblock  '  style='font-size:16px; '  itemprop=\"text\" ><blockquote>\n<p><b>SinergiQ<\/b> employs a team of experienced professionals with wide experience at international level, led by: PEDRO RALDA, <i>Founder and<\/i> <i>Executive Director, SinergiQ<\/i><\/p>\n<\/blockquote>\n<\/div><\/section>\n<div class=\"flex_column av_two_fifth  flex_column_div first  avia-builder-el-4  el_after_av_textblock  el_before_av_three_fifth  column-top-margin\" style='padding:20px 0 0 0 ; border-radius:0px; '><div  class='avia-image-container avia_animated_image avia_animate_when_almost_visible pop-up av-styling-circle    avia-builder-el-5  avia-builder-el-no-sibling  avia-align-center '  itemprop=\"image\" itemscope=\"itemscope\" itemtype=\"https:\/\/schema.org\/ImageObject\"  ><div class='avia-image-container-inner'><div class='avia-image-overlay-wrap'><img class='wp-image-2272 avia-img-lazy-loading-not-2272 avia_image' src='https:\/\/sinergiq.com\/wp-content\/uploads\/2015\/07\/Perfil-Pedro-e1438185821773.jpg' alt='' title='Perfil Pedro' height=\"898\" width=\"898\"  itemprop=\"thumbnailUrl\"  \/><\/div><\/div><\/div><\/div><div class=\"flex_column av_three_fifth  flex_column_div av-zero-column-padding   avia-builder-el-6  el_after_av_two_fifth  avia-builder-el-last  column-top-margin\" style='border-radius:0px; '><div  class=\"togglecontainer    avia-builder-el-7  avia-builder-el-no-sibling \" >\n<section class=\"av_toggle_section\"  itemscope=\"itemscope\" itemtype=\"https:\/\/schema.org\/CreativeWork\"  >    <div role=\"tablist\" class=\"single_toggle\" data-tags=\"{All} \"  >        <p data-fake-id=\"#toggle-id-1\" class=\"toggler activeTitle\"  itemprop=\"headline\"    role=\"tab\" tabindex=\"0\" aria-controls=\"toggle-id-1\">Summary<span class=\"toggle_icon\" >        <span class=\"vert_icon\"><\/span><span class=\"hor_icon\"><\/span><\/span><\/p>        <div id=\"toggle-id-1\" class=\"toggle_wrap active_tc\"  style='display:block;'>            <div class=\"toggle_content invers-color \"  itemprop=\"text\"   ><p><b>PEDRO RALDA, <\/b><b>Founder and <\/b><b>Executive Director, SinergiQ<\/b><\/p>\n<p>Expert on international relations with broad experience in top international organizations and institutions. A graduate from the Institute of International Studies of the University of Geneva, Pedro holds an MA in European Political and Administrative Studies from the Institute of Postgraduate European Studies at the College of Europe in Bruges, Belgium.<\/p>\n<p>He has worked as Director for Latin America at the World Economic Forum (1995-2001) and Dialogues Coordinator at the Universal Forum of Cultures Barcelona 2004.<\/p>\n<p>Since 2005, he counsels companies and organizations on institutional relations and international affairs, sponsorship and corporate responsibility, networking and conceptualization of top-level economic meetings and events.<\/p>\n            <\/div>        <\/div>    <\/div><\/section>\n<section class=\"av_toggle_section\"  itemscope=\"itemscope\" itemtype=\"https:\/\/schema.org\/CreativeWork\"  >    <div role=\"tablist\" class=\"single_toggle\" data-tags=\"{All} \"  >        <p data-fake-id=\"#toggle-id-2\" class=\"toggler \"  itemprop=\"headline\"    role=\"tab\" tabindex=\"0\" aria-controls=\"toggle-id-2\">Extended Bio<span class=\"toggle_icon\" >        <span class=\"vert_icon\"><\/span><span class=\"hor_icon\"><\/span><\/span><\/p>        <div id=\"toggle-id-2\" class=\"toggle_wrap \"  >            <div class=\"toggle_content invers-color \"  itemprop=\"text\"   ><div style=\"height: 350px; overflow: auto; text-align: justify; padding-right: 10px;\">\n<p><strong>PEDRO RALDA, Executive Director, SinergiQ<br \/>\n<\/strong><br \/>\nPedro Ralda is an expert on international relations with broad experience in top international organizations and institutions.<br \/>\nHe holds a BA (Hons) in International Relations from the Graduate Institute for International Studies, University of Geneva, Switzerland and an MA (Hons) in European Political and Administrative Studies from the Institute of Postgraduate European Studies, College of Europe, Bruges, Belgium.<\/p>\n<p>From 1992 to 1995 Pedro took part in different projects led by the International Committee of the Red Cross (ICRC); the World Wide Fund for Nature (WWF International); and the United Nations High Commissioner for Refugees (UNHCR).<\/p>\n<p>As Director for Latin America at the World Economic Forum in Geneva from 1995 to 2001, he was responsible for promoting the presence of Latin American political, business and social leaders at the Annual Meeting in Davos. He was also in charge of organizing economic conferences in Argentina, Brazil, Chile and Mexico, in which the key players of the region took part.<\/p>\n<p>In 2001, Pedro joined the Universal Forum of Cultures Barcelona 2004 as Dialogues\u2019 Coordinator. In this position, he was in charge of designing the program for more than 50 congresses, conferences and debates on issues such as sustainability, cultural diversity and peace conditions which took part in Barcelona in 2004.<\/p>\n<p>In 2005, Pedro started working as an independent consultant on international affairs, institutional relations and sponsorship management and founded SinergiQ in 2007.Since then he has successfully developed projects for top-class clients such as La Caixa, C\u00edrculo de Econom\u00eda, Casa Asia, Metropolis, La Red Innova, Fundaci\u00f3n Logistica Justa and the International Expo Zaragoza 2008.<\/p>\n<p>He has also been part of the management team of top-international sports events, such as the 2014 FIBA Basketball World Cup, where he was Deputy Director of Protocol at the Madrid Venue, and the 2013 FINA World Swimming Championship in Barcelona, acting as Head of Protocol of the Water Polo World Championship.<\/p>\n<p>Since 2007, Pedro is Secretary of the Spanish most renowned Awards on Corporate Social Responsibility and Patronage (the Carlos G\u00fcell Awards), under the direction of the C\u00edrculo de Econom\u00eda Foundation.<\/p>\n<p>Together with his brother Alfredo, in 2013 he launched the \u201cRalda+Friends\u201d initiative, a digital social entrepreneurship project for the sponsoring of olive trees from the South of Catalonia including and olive oil e-commerce platform.<\/p>\n<p>As of 2013, SinergiQ is the exclusive representing agency for Spain of LeWeb, the leading European event on entrepreneurship and innovation, yearly held in Paris.<\/p>\n<p>Trilingual in French, Spanish and Catalan, Pedro is also fluent in English and other languages such as Italian, German and Portuguese.<\/p>\n<\/div>\n            <\/div>        <\/div>    <\/div><\/section>\n<\/div><\/div><\/div><\/div><\/div><!-- close content main div --><\/div><\/div><div id='after_section_2'  class='main_color av_default_container_wrap container_wrap sidebar_right' style=' '  ><div class='container' ><div class='template-page content  av-content-small alpha units'><div class='post-entry post-entry-type-page post-entry-2372'><div class='entry-content-wrapper clearfix'><\/p>\n","protected":false},"excerpt":{"rendered":"","protected":false},"author":1,"featured_media":0,"parent":0,"menu_order":0,"comment_status":"open","ping_status":"closed","template":"","meta":{"footnotes":""},"class_list":["post-2372","page","type-page","status-publish","hentry"],"yoast_head":"<!-- This site is optimized with the Yoast SEO plugin v23.9 - https:\/\/yoast.com\/wordpress\/plugins\/seo\/ -->\n<title>Who we are | Sinergiq - Asesor\u00eda en relaciones institucionales e internacionales<\/title>\n<meta name=\"robots\" content=\"index, follow, max-snippet:-1, max-image-preview:large, max-video-preview:-1\" \/>\n<link rel=\"canonical\" href=\"https:\/\/sinergiq.com\/en\/who-we-are\/\" \/>\n<meta property=\"og:locale\" content=\"en_US\" \/>\n<meta property=\"og:type\" content=\"article\" \/>\n<meta property=\"og:title\" content=\"Who we are | Sinergiq - Asesor\u00eda en relaciones institucionales e internacionales\" \/>\n<meta property=\"og:url\" content=\"https:\/\/sinergiq.com\/en\/who-we-are\/\" \/>\n<meta property=\"og:site_name\" content=\"Sinergiq - Asesor\u00eda en relaciones institucionales e internacionales\" \/>\n<meta property=\"article:modified_time\" content=\"2015-08-05T16:51:50+00:00\" \/>\n<meta name=\"twitter:card\" content=\"summary_large_image\" \/>\n<meta name=\"twitter:label1\" content=\"Est. reading time\" \/>\n\t<meta name=\"twitter:data1\" content=\"5 minutes\" \/>\n<script type=\"application\/ld+json\" class=\"yoast-schema-graph\">{\"@context\":\"https:\/\/schema.org\",\"@graph\":[{\"@type\":\"WebPage\",\"@id\":\"https:\/\/sinergiq.com\/en\/who-we-are\/\",\"url\":\"https:\/\/sinergiq.com\/en\/who-we-are\/\",\"name\":\"Who we are | Sinergiq - Asesor\u00eda en relaciones institucionales e internacionales\",\"isPartOf\":{\"@id\":\"https:\/\/sinergiq.com\/#website\"},\"datePublished\":\"2015-01-08T09:46:23+00:00\",\"dateModified\":\"2015-08-05T16:51:50+00:00\",\"breadcrumb\":{\"@id\":\"https:\/\/sinergiq.com\/en\/who-we-are\/#breadcrumb\"},\"inLanguage\":\"en-US\",\"potentialAction\":[{\"@type\":\"ReadAction\",\"target\":[\"https:\/\/sinergiq.com\/en\/who-we-are\/\"]}]},{\"@type\":\"BreadcrumbList\",\"@id\":\"https:\/\/sinergiq.com\/en\/who-we-are\/#breadcrumb\",\"itemListElement\":[{\"@type\":\"ListItem\",\"position\":1,\"name\":\"Portada\",\"item\":\"https:\/\/sinergiq.com\/en\/\"},{\"@type\":\"ListItem\",\"position\":2,\"name\":\"Who we are\"}]},{\"@type\":\"WebSite\",\"@id\":\"https:\/\/sinergiq.com\/#website\",\"url\":\"https:\/\/sinergiq.com\/\",\"name\":\"Sinergiq - Asesor\u00eda en relaciones institucionales e internacionales\",\"description\":\"Relaciones que crean valor\",\"publisher\":{\"@id\":\"https:\/\/sinergiq.com\/#organization\"},\"potentialAction\":[{\"@type\":\"SearchAction\",\"target\":{\"@type\":\"EntryPoint\",\"urlTemplate\":\"https:\/\/sinergiq.com\/?s={search_term_string}\"},\"query-input\":{\"@type\":\"PropertyValueSpecification\",\"valueRequired\":true,\"valueName\":\"search_term_string\"}}],\"inLanguage\":\"en-US\"},{\"@type\":\"Organization\",\"@id\":\"https:\/\/sinergiq.com\/#organization\",\"name\":\"Sinergiq\",\"url\":\"https:\/\/sinergiq.com\/\",\"logo\":{\"@type\":\"ImageObject\",\"inLanguage\":\"en-US\",\"@id\":\"https:\/\/sinergiq.com\/#\/schema\/logo\/image\/\",\"url\":\"https:\/\/i0.wp.com\/sinergiq.com\/wp-content\/uploads\/2015\/08\/Logo-Sinergiq-English.jpg?fit=340%2C137&ssl=1\",\"contentUrl\":\"https:\/\/i0.wp.com\/sinergiq.com\/wp-content\/uploads\/2015\/08\/Logo-Sinergiq-English.jpg?fit=340%2C137&ssl=1\",\"width\":340,\"height\":137,\"caption\":\"Sinergiq\"},\"image\":{\"@id\":\"https:\/\/sinergiq.com\/#\/schema\/logo\/image\/\"}}]}<\/script>\n<!-- \/ Yoast SEO plugin. -->","yoast_head_json":{"title":"Who we are | Sinergiq - Asesor\u00eda en relaciones institucionales e internacionales","robots":{"index":"index","follow":"follow","max-snippet":"max-snippet:-1","max-image-preview":"max-image-preview:large","max-video-preview":"max-video-preview:-1"},"canonical":"https:\/\/sinergiq.com\/en\/who-we-are\/","og_locale":"en_US","og_type":"article","og_title":"Who we are | Sinergiq - Asesor\u00eda en relaciones institucionales e internacionales","og_url":"https:\/\/sinergiq.com\/en\/who-we-are\/","og_site_name":"Sinergiq - Asesor\u00eda en relaciones institucionales e internacionales","article_modified_time":"2015-08-05T16:51:50+00:00","twitter_card":"summary_large_image","twitter_misc":{"Est. reading time":"5 minutes"},"schema":{"@context":"https:\/\/schema.org","@graph":[{"@type":"WebPage","@id":"https:\/\/sinergiq.com\/en\/who-we-are\/","url":"https:\/\/sinergiq.com\/en\/who-we-are\/","name":"Who we are | Sinergiq - Asesor\u00eda en relaciones institucionales e internacionales","isPartOf":{"@id":"https:\/\/sinergiq.com\/#website"},"datePublished":"2015-01-08T09:46:23+00:00","dateModified":"2015-08-05T16:51:50+00:00","breadcrumb":{"@id":"https:\/\/sinergiq.com\/en\/who-we-are\/#breadcrumb"},"inLanguage":"en-US","potentialAction":[{"@type":"ReadAction","target":["https:\/\/sinergiq.com\/en\/who-we-are\/"]}]},{"@type":"BreadcrumbList","@id":"https:\/\/sinergiq.com\/en\/who-we-are\/#breadcrumb","itemListElement":[{"@type":"ListItem","position":1,"name":"Portada","item":"https:\/\/sinergiq.com\/en\/"},{"@type":"ListItem","position":2,"name":"Who we are"}]},{"@type":"WebSite","@id":"https:\/\/sinergiq.com\/#website","url":"https:\/\/sinergiq.com\/","name":"Sinergiq - Asesor\u00eda en relaciones institucionales e internacionales","description":"Relaciones que crean valor","publisher":{"@id":"https:\/\/sinergiq.com\/#organization"},"potentialAction":[{"@type":"SearchAction","target":{"@type":"EntryPoint","urlTemplate":"https:\/\/sinergiq.com\/?s={search_term_string}"},"query-input":{"@type":"PropertyValueSpecification","valueRequired":true,"valueName":"search_term_string"}}],"inLanguage":"en-US"},{"@type":"Organization","@id":"https:\/\/sinergiq.com\/#organization","name":"Sinergiq","url":"https:\/\/sinergiq.com\/","logo":{"@type":"ImageObject","inLanguage":"en-US","@id":"https:\/\/sinergiq.com\/#\/schema\/logo\/image\/","url":"https:\/\/i0.wp.com\/sinergiq.com\/wp-content\/uploads\/2015\/08\/Logo-Sinergiq-English.jpg?fit=340%2C137&ssl=1","contentUrl":"https:\/\/i0.wp.com\/sinergiq.com\/wp-content\/uploads\/2015\/08\/Logo-Sinergiq-English.jpg?fit=340%2C137&ssl=1","width":340,"height":137,"caption":"Sinergiq"},"image":{"@id":"https:\/\/sinergiq.com\/#\/schema\/logo\/image\/"}}]}},"_links":{"self":[{"href":"https:\/\/sinergiq.com\/en\/wp-json\/wp\/v2\/pages\/2372","targetHints":{"allow":["GET"]}}],"collection":[{"href":"https:\/\/sinergiq.com\/en\/wp-json\/wp\/v2\/pages"}],"about":[{"href":"https:\/\/sinergiq.com\/en\/wp-json\/wp\/v2\/types\/page"}],"author":[{"embeddable":true,"href":"https:\/\/sinergiq.com\/en\/wp-json\/wp\/v2\/users\/1"}],"replies":[{"embeddable":true,"href":"https:\/\/sinergiq.com\/en\/wp-json\/wp\/v2\/comments?post=2372"}],"version-history":[{"count":1,"href":"https:\/\/sinergiq.com\/en\/wp-json\/wp\/v2\/pages\/2372\/revisions"}],"predecessor-version":[{"id":2373,"href":"https:\/\/sinergiq.com\/en\/wp-json\/wp\/v2\/pages\/2372\/revisions\/2373"}],"wp:attachment":[{"href":"https:\/\/sinergiq.com\/en\/wp-json\/wp\/v2\/media?parent=2372"}],"curies":[{"name":"wp","href":"https:\/\/api.w.org\/{rel}","templated":true}]}}