{"id":2286,"date":"2015-07-16T19:08:51","date_gmt":"2015-07-16T17:08:51","guid":{"rendered":"http:\/\/sinergiq.beweb.com.ar\/ca\/?page_id=2286"},"modified":"2015-07-30T22:11:44","modified_gmt":"2015-07-30T20:11:44","slug":"avis-legal","status":"publish","type":"page","link":"https:\/\/sinergiq.com\/ca\/avis-legal\/","title":{"rendered":"AVIS LEGAL"},"content":{"rendered":"<article  class=\"iconbox iconbox_top main_color    avia-builder-el-0  avia-builder-el-no-sibling  \"  itemscope=\"itemscope\" itemtype=\"https:\/\/schema.org\/CreativeWork\" ><div class=\"iconbox_content\"><header class=\"entry-content-header\"><div class=\"iconbox_icon heading-color\" aria-hidden='true' data-av_icon='\ue81f' data-av_iconfont='entypo-fontello'  ><\/div><h3 class='iconbox_content_title  '  itemprop=\"headline\"  >AVIS LEGAL<\/h3><\/header><div class='iconbox_content_container  '  itemprop=\"text\"  ><p>Per a donar compliment amb l\u2019establert a la Llei 34\/2002, de 11 de Juliol, de serveis de la societat de la informaci\u00f3 i de comer\u00e7 electr\u00f2nic, a continuaci\u00f3 s\u2019indiquen les dades d\u2019informaci\u00f3 general d\u2019aquest lloc web:<\/p>\n<p>SinergiQ S.C.P.<br \/>\nCIF: J64466527<br \/>\nRambla Poblenou 38 1\u00ba 5\u00ba<br \/>\nES 08005 Barcelona<br \/>\nSinergiQ @ SinergiQ.com<\/p>\n<\/div><\/div><footer class=\"entry-footer\"><\/footer><\/article>\n","protected":false},"excerpt":{"rendered":"","protected":false},"author":1,"featured_media":0,"parent":0,"menu_order":0,"comment_status":"closed","ping_status":"closed","template":"","meta":{"footnotes":""},"class_list":["post-2286","page","type-page","status-publish","hentry"],"yoast_head":"<!-- This site is optimized with the Yoast SEO plugin v23.9 - https:\/\/yoast.com\/wordpress\/plugins\/seo\/ -->\n<title>AVIS LEGAL | Sinergiq - Asesor\u00eda en relaciones institucionales e internacionales<\/title>\n<meta name=\"robots\" content=\"index, follow, max-snippet:-1, max-image-preview:large, max-video-preview:-1\" \/>\n<link rel=\"canonical\" href=\"https:\/\/sinergiq.com\/ca\/avis-legal\/\" \/>\n<meta property=\"og:locale\" content=\"ca_ES\" \/>\n<meta property=\"og:type\" content=\"article\" \/>\n<meta property=\"og:title\" content=\"AVIS LEGAL | Sinergiq - Asesor\u00eda en relaciones institucionales e internacionales\" \/>\n<meta property=\"og:url\" content=\"https:\/\/sinergiq.com\/ca\/avis-legal\/\" \/>\n<meta property=\"og:site_name\" content=\"Sinergiq - Asesor\u00eda en relaciones institucionales e internacionales\" \/>\n<meta property=\"article:modified_time\" content=\"2015-07-30T20:11:44+00:00\" \/>\n<meta name=\"twitter:card\" content=\"summary_large_image\" \/>\n<script type=\"application\/ld+json\" class=\"yoast-schema-graph\">{\"@context\":\"https:\/\/schema.org\",\"@graph\":[{\"@type\":\"WebPage\",\"@id\":\"https:\/\/sinergiq.com\/ca\/avis-legal\/\",\"url\":\"https:\/\/sinergiq.com\/ca\/avis-legal\/\",\"name\":\"AVIS LEGAL | Sinergiq - Asesor\u00eda en relaciones institucionales e internacionales\",\"isPartOf\":{\"@id\":\"https:\/\/sinergiq.com\/#website\"},\"datePublished\":\"2015-07-16T17:08:51+00:00\",\"dateModified\":\"2015-07-30T20:11:44+00:00\",\"breadcrumb\":{\"@id\":\"https:\/\/sinergiq.com\/ca\/avis-legal\/#breadcrumb\"},\"inLanguage\":\"ca\",\"potentialAction\":[{\"@type\":\"ReadAction\",\"target\":[\"https:\/\/sinergiq.com\/ca\/avis-legal\/\"]}]},{\"@type\":\"BreadcrumbList\",\"@id\":\"https:\/\/sinergiq.com\/ca\/avis-legal\/#breadcrumb\",\"itemListElement\":[{\"@type\":\"ListItem\",\"position\":1,\"name\":\"Portada\",\"item\":\"https:\/\/sinergiq.com\/ca\/\"},{\"@type\":\"ListItem\",\"position\":2,\"name\":\"AVIS LEGAL\"}]},{\"@type\":\"WebSite\",\"@id\":\"https:\/\/sinergiq.com\/#website\",\"url\":\"https:\/\/sinergiq.com\/\",\"name\":\"Sinergiq - Asesor\u00eda en relaciones institucionales e internacionales\",\"description\":\"Relaciones que crean valor\",\"publisher\":{\"@id\":\"https:\/\/sinergiq.com\/#organization\"},\"potentialAction\":[{\"@type\":\"SearchAction\",\"target\":{\"@type\":\"EntryPoint\",\"urlTemplate\":\"https:\/\/sinergiq.com\/?s={search_term_string}\"},\"query-input\":{\"@type\":\"PropertyValueSpecification\",\"valueRequired\":true,\"valueName\":\"search_term_string\"}}],\"inLanguage\":\"ca\"},{\"@type\":\"Organization\",\"@id\":\"https:\/\/sinergiq.com\/#organization\",\"name\":\"Sinergiq\",\"url\":\"https:\/\/sinergiq.com\/\",\"logo\":{\"@type\":\"ImageObject\",\"inLanguage\":\"ca\",\"@id\":\"https:\/\/sinergiq.com\/#\/schema\/logo\/image\/\",\"url\":\"https:\/\/i0.wp.com\/sinergiq.com\/wp-content\/uploads\/2015\/08\/Logo-Sinergiq-English.jpg?fit=340%2C137&ssl=1\",\"contentUrl\":\"https:\/\/i0.wp.com\/sinergiq.com\/wp-content\/uploads\/2015\/08\/Logo-Sinergiq-English.jpg?fit=340%2C137&ssl=1\",\"width\":340,\"height\":137,\"caption\":\"Sinergiq\"},\"image\":{\"@id\":\"https:\/\/sinergiq.com\/#\/schema\/logo\/image\/\"}}]}<\/script>\n<!-- \/ Yoast SEO plugin. -->","yoast_head_json":{"title":"AVIS LEGAL | Sinergiq - Asesor\u00eda en relaciones institucionales e internacionales","robots":{"index":"index","follow":"follow","max-snippet":"max-snippet:-1","max-image-preview":"max-image-preview:large","max-video-preview":"max-video-preview:-1"},"canonical":"https:\/\/sinergiq.com\/ca\/avis-legal\/","og_locale":"ca_ES","og_type":"article","og_title":"AVIS LEGAL | Sinergiq - Asesor\u00eda en relaciones institucionales e internacionales","og_url":"https:\/\/sinergiq.com\/ca\/avis-legal\/","og_site_name":"Sinergiq - Asesor\u00eda en relaciones institucionales e internacionales","article_modified_time":"2015-07-30T20:11:44+00:00","twitter_card":"summary_large_image","schema":{"@context":"https:\/\/schema.org","@graph":[{"@type":"WebPage","@id":"https:\/\/sinergiq.com\/ca\/avis-legal\/","url":"https:\/\/sinergiq.com\/ca\/avis-legal\/","name":"AVIS LEGAL | Sinergiq - Asesor\u00eda en relaciones institucionales e internacionales","isPartOf":{"@id":"https:\/\/sinergiq.com\/#website"},"datePublished":"2015-07-16T17:08:51+00:00","dateModified":"2015-07-30T20:11:44+00:00","breadcrumb":{"@id":"https:\/\/sinergiq.com\/ca\/avis-legal\/#breadcrumb"},"inLanguage":"ca","potentialAction":[{"@type":"ReadAction","target":["https:\/\/sinergiq.com\/ca\/avis-legal\/"]}]},{"@type":"BreadcrumbList","@id":"https:\/\/sinergiq.com\/ca\/avis-legal\/#breadcrumb","itemListElement":[{"@type":"ListItem","position":1,"name":"Portada","item":"https:\/\/sinergiq.com\/ca\/"},{"@type":"ListItem","position":2,"name":"AVIS LEGAL"}]},{"@type":"WebSite","@id":"https:\/\/sinergiq.com\/#website","url":"https:\/\/sinergiq.com\/","name":"Sinergiq - Asesor\u00eda en relaciones institucionales e internacionales","description":"Relaciones que crean valor","publisher":{"@id":"https:\/\/sinergiq.com\/#organization"},"potentialAction":[{"@type":"SearchAction","target":{"@type":"EntryPoint","urlTemplate":"https:\/\/sinergiq.com\/?s={search_term_string}"},"query-input":{"@type":"PropertyValueSpecification","valueRequired":true,"valueName":"search_term_string"}}],"inLanguage":"ca"},{"@type":"Organization","@id":"https:\/\/sinergiq.com\/#organization","name":"Sinergiq","url":"https:\/\/sinergiq.com\/","logo":{"@type":"ImageObject","inLanguage":"ca","@id":"https:\/\/sinergiq.com\/#\/schema\/logo\/image\/","url":"https:\/\/i0.wp.com\/sinergiq.com\/wp-content\/uploads\/2015\/08\/Logo-Sinergiq-English.jpg?fit=340%2C137&ssl=1","contentUrl":"https:\/\/i0.wp.com\/sinergiq.com\/wp-content\/uploads\/2015\/08\/Logo-Sinergiq-English.jpg?fit=340%2C137&ssl=1","width":340,"height":137,"caption":"Sinergiq"},"image":{"@id":"https:\/\/sinergiq.com\/#\/schema\/logo\/image\/"}}]}},"_links":{"self":[{"href":"https:\/\/sinergiq.com\/ca\/wp-json\/wp\/v2\/pages\/2286","targetHints":{"allow":["GET"]}}],"collection":[{"href":"https:\/\/sinergiq.com\/ca\/wp-json\/wp\/v2\/pages"}],"about":[{"href":"https:\/\/sinergiq.com\/ca\/wp-json\/wp\/v2\/types\/page"}],"author":[{"embeddable":true,"href":"https:\/\/sinergiq.com\/ca\/wp-json\/wp\/v2\/users\/1"}],"replies":[{"embeddable":true,"href":"https:\/\/sinergiq.com\/ca\/wp-json\/wp\/v2\/comments?post=2286"}],"version-history":[{"count":1,"href":"https:\/\/sinergiq.com\/ca\/wp-json\/wp\/v2\/pages\/2286\/revisions"}],"predecessor-version":[{"id":2287,"href":"https:\/\/sinergiq.com\/ca\/wp-json\/wp\/v2\/pages\/2286\/revisions\/2287"}],"wp:attachment":[{"href":"https:\/\/sinergiq.com\/ca\/wp-json\/wp\/v2\/media?parent=2286"}],"curies":[{"name":"wp","href":"https:\/\/api.w.org\/{rel}","templated":true}]}}