{"id":1773,"date":"2015-01-08T10:46:23","date_gmt":"2015-01-08T09:46:23","guid":{"rendered":"http:\/\/sinergiq.beweb.com.ar\/?page_id=1773"},"modified":"2015-09-30T14:31:31","modified_gmt":"2015-09-30T12:31:31","slug":"qui-som","status":"publish","type":"page","link":"https:\/\/sinergiq.com\/ca\/qui-som\/","title":{"rendered":"Qui Som"},"content":{"rendered":"<div id='av_section_1'  class='avia-section main_color avia-section-default avia-no-border-styling  avia-full-stretch av-parallax-section av-section-color-overlay-active avia-bg-style-parallax  avia-builder-el-0  el_before_av_section  avia-builder-el-first   av-minimum-height av-minimum-height-25  container_wrap sidebar_right' style=' '  data-section-bg-repeat='stretch' data-av_minimum_height_pc='25'><div class='av-parallax' data-avia-parallax-ratio='0.3' ><div class='av-parallax-inner main_color  avia-full-stretch' style = 'background-repeat: no-repeat; background-image: url(https:\/\/sinergiq.com\/wp-content\/uploads\/2015\/01\/quienes-somos-header.jpeg);background-attachment: scroll; background-position: center center; ' ><\/div><\/div><div class='av-section-color-overlay-wrap'><div class='av-section-color-overlay' style='opacity: 0.4; background-color: #0a0a0a; '><\/div><div class='container' ><main  role=\"main\" itemprop=\"mainContentOfPage\"  class='template-page content  av-content-small alpha units'><div class='post-entry post-entry-type-page post-entry-1773'><div class='entry-content-wrapper clearfix'>\n<div  style='padding-bottom:20px; color:#ffffff;' class='av-special-heading av-special-heading-h1 custom-color-heading blockquote modern-quote modern-centered  avia-builder-el-1  avia-builder-el-no-sibling  '><h1 class='av-special-heading-tag '  itemprop=\"headline\"  >QUI SOM<\/h1><div class='special-heading-border'><div class='special-heading-inner-border' style='border-color:#ffffff'><\/div><\/div><\/div>\n\n<\/div><\/div><\/main><!-- close content main element --><\/div><\/div><\/div><div id='av_section_2'  class='avia-section alternate_color avia-section-default avia-no-shadow  avia-bg-style-scroll  avia-builder-el-2  el_after_av_section  avia-builder-el-last   container_wrap sidebar_right' style=' '  ><div class='container' ><div class='template-page content  av-content-small alpha units'><div class='post-entry post-entry-type-page post-entry-1773'><div class='entry-content-wrapper clearfix'>\n<section class=\"av_textblock_section \"  itemscope=\"itemscope\" itemtype=\"https:\/\/schema.org\/CreativeWork\" ><div class='avia_textblock  '   itemprop=\"text\" ><blockquote>\n<p><strong>SinergiQ<\/strong> compta amb un equip de professionals amb ampla experi\u00e8ncia internacional, liderat per PEDRO RALDA, Fundador i Director Executiu, SinergiQ<\/p>\n<\/blockquote>\n<\/div><\/section>\n<div class=\"flex_column av_two_fifth  flex_column_div first  avia-builder-el-4  el_after_av_textblock  el_before_av_three_fifth  column-top-margin\" style='padding:20px 0 0 0 ; border-radius:0px; '><div  class='avia-image-container avia_animated_image avia_animate_when_almost_visible pop-up av-styling-circle    avia-builder-el-5  avia-builder-el-no-sibling  avia-align-center '  itemprop=\"image\" itemscope=\"itemscope\" itemtype=\"https:\/\/schema.org\/ImageObject\"  ><div class='avia-image-container-inner'><div class='avia-image-overlay-wrap'><img class='wp-image-2272 avia-img-lazy-loading-not-2272 avia_image' src='https:\/\/sinergiq.com\/wp-content\/uploads\/2015\/07\/Perfil-Pedro-e1438185821773.jpg' alt='' title='Perfil Pedro' height=\"898\" width=\"898\"  itemprop=\"thumbnailUrl\"  \/><\/div><\/div><\/div><\/div><div class=\"flex_column av_three_fifth  flex_column_div av-zero-column-padding   avia-builder-el-6  el_after_av_two_fifth  avia-builder-el-last  column-top-margin\" style='border-radius:0px; '><div  class=\"togglecontainer    avia-builder-el-7  avia-builder-el-no-sibling \" >\n<section class=\"av_toggle_section\"  itemscope=\"itemscope\" itemtype=\"https:\/\/schema.org\/CreativeWork\"  >    <div role=\"tablist\" class=\"single_toggle\" data-tags=\"{All} \"  >        <p data-fake-id=\"#toggle-id-1\" class=\"toggler activeTitle\"  itemprop=\"headline\"    role=\"tab\" tabindex=\"0\" aria-controls=\"toggle-id-1\">Resum<span class=\"toggle_icon\" >        <span class=\"vert_icon\"><\/span><span class=\"hor_icon\"><\/span><\/span><\/p>        <div id=\"toggle-id-1\" class=\"toggle_wrap active_tc\"  style='display:block;'>            <div class=\"toggle_content invers-color \"  itemprop=\"text\"   ><p><strong>PEDRO RALDA, Fundador i Director Executiu, SinergiQ<\/strong><\/p>\n<p>Expert en relacions internacionals amb ampla experi\u00e8ncia en institucions i organitzacions de primer nivell internacional. Llicenciat en Relacions Internacionals per l\u2019Institut d\u2019Alts Estudis Internacionals de la Universitat de Ginebra (Su\u00efssa) i M\u00e0ster d\u2019Estudis Europeus del Col\u00b7legi d\u2019Europa a Bruges (B\u00e8lgica).<\/p>\n<p>Va treballar com a Director per a Iberoam\u00e8rica del World Economic Forum entre 1995 i 2001 i com a Coordinador de Di\u00e0legs del F\u00f2rum de Barcelona de 2004.<\/p>\n<p>Des de 2005 assessora empreses i organitzacions en temes de relacions institucionals; mecenatge, patrocini i RSC; gesti\u00f3 de relacions internacionals; networking i conceptualitzaci\u00f3 d\u2019esdeveniments vinculats a l\u2019economia de primer nivell.<\/p>\n            <\/div>        <\/div>    <\/div><\/section>\n<section class=\"av_toggle_section\"  itemscope=\"itemscope\" itemtype=\"https:\/\/schema.org\/CreativeWork\"  >    <div role=\"tablist\" class=\"single_toggle\" data-tags=\"{All} \"  >        <p data-fake-id=\"#toggle-id-2\" class=\"toggler \"  itemprop=\"headline\"    role=\"tab\" tabindex=\"0\" aria-controls=\"toggle-id-2\">Biografia ampliada<span class=\"toggle_icon\" >        <span class=\"vert_icon\"><\/span><span class=\"hor_icon\"><\/span><\/span><\/p>        <div id=\"toggle-id-2\" class=\"toggle_wrap \"  >            <div class=\"toggle_content invers-color \"  itemprop=\"text\"   ><div style=\"height: 350px; overflow: auto; text-align: justify; padding-right: 10px;\">\n<p><strong>PEDRO RALDA, Fundador i Director Executiu, SinergiQ<\/strong><\/p>\n<p>Expert en relacions internacionals amb ampla experi\u00e8ncia en institucions i organitzacions de primer nivell internacional..<\/p>\n<p>Nascut a Ginebra, de pares espanyols, Pedro Ralda \u00e9s Llicenciat en Relacions Internacionals per l\u2019Institut d\u2019Alts Estudis Internacionals de la Universitat de Ginebra (Su\u00efssa) i M\u00e0ster (MA) d\u2019Estudis Europeus pel Col\u00b7legi d\u2019Europa a Bruges (B\u00e8lgica).<\/p>\n<p>Entre 1992 i 1995 va participar en diversos projectes de l\u2019Alt Comissionat de Nacions Unides per als Refugiats (ACNUR), el WWF Internacional i el Comit\u00e8 Internacional de la Creu Roja (CICR).<\/p>\n<p>Des de 1995 fins a 2001 va ser Director per a Iberoam\u00e8rica del World Econ\u00f2mic Forum (WEF). En aquesta funci\u00f3 va ser responsable de promoure i gestionar la pres\u00e8ncia dels l\u00edders pol\u00edtics, empresarials i socials del m\u00f3n hisp\u00e0nic al F\u00f2rum de Davos. Tamb\u00e9 va ser el responsable de l\u2019organitzaci\u00f3 i coordinaci\u00f3 de cimeres econ\u00f2miques a l\u2019Argentina, Brasil, Xile i M\u00e8xic, en les que van participar els principals actors pol\u00edtics i econ\u00f2mics de la regi\u00f3.<\/p>\n<p>El 2001 es va unir a l\u2019equip de programaci\u00f3 del F\u00f2rum Universal de les Cultures de Barcelona 2004, com a Coordinador de Di\u00e0legs (52 congressos, debats i jornades que van tenir lloc durant els 141 dies que va durar l\u2019esdeveniment, sobre temes de sostenibilitat, diversitat cultural i condicions per a la pau).<\/p>\n<p>Des de 2005 treballa com a consultor independent, oferint serveis de relacions institucionals, assumptes internacionals, captaci\u00f3 de fons i networking. I el 2007 va crear SinergiQ.<\/p>\n<p>Des d\u2019aleshores ha portat a terme nombrosos projectes per a clients tan rellevants com la Red Innova, la Casa \u00c0sia, la Fundaci\u00f3 Log\u00edstica Justa o la Fundaci\u00f3 Ecolog\u00eda y Desarrollo, sent el responsable, entre d\u2019altres, de la direcci\u00f3 del Pabell\u00f3 de les Iniciatives Ciutadanes de la Expo de Saragossa (2008).<\/p>\n<p>Des de 2013, SinergiQ \u00e9s el representant per a l\u2019Estat espanyol i Iberoam\u00e8rica de LeWeb, el congr\u00e9s europeu m\u00e9s important en mat\u00e8ria d\u2019innovaci\u00f3 social, que se celebra cada any a Par\u00eds.<\/p>\n<p>Ha col\u00b7laborat en l\u2019\u00e0mbit dels esdeveniments esportius, com a Director Adjunt de Protocol de la seu de Madrid del FIBA Basketball World Cup de 2014, coordinant un equip de 40 voluntaris i col\u00b7laboradors. I tamb\u00e9 en el FINA World Swimming Championship de 2013 a Barcelona, coordinant el protocol del Campionat de Waterpolo.<\/p>\n<p>Des de 2007 \u00e9s el Secretari dels Premis Carlos G\u00fcell (antics Premis Fundaci\u00f3 Cercle d\u2019Economia) al Patrocini i Mecenatge Empresarial, concedits pel Cercle d\u2019Economia de Barcelona.<\/p>\n<p>Al costat del seu germ\u00e0 Alfredo va fundar, l\u2019any 2014, la iniciativa \u201cRalda+Friends\u201d, un projecte digital d\u2019emprenedoria social per a l\u2019apadrinament d\u2019oliveres del Montsi\u00e0 i distribuci\u00f3 d\u2019oli d\u2019oliva per tot el m\u00f3n.<\/p>\n<p>Triling\u00fce en castell\u00e0, catal\u00e0 i franc\u00e8s, parla i pot treballar en altres idiomes com l\u2019angl\u00e8s, l\u2019itali\u00e0, el portugu\u00e8s i l\u2019alemany.<\/p>\n<\/div>\n            <\/div>        <\/div>    <\/div><\/section>\n<\/div><\/div><\/div><\/div><\/div><!-- close content main div --><\/div><\/div><div id='after_section_2'  class='main_color av_default_container_wrap container_wrap sidebar_right' style=' '  ><div class='container' ><div class='template-page content  av-content-small alpha units'><div class='post-entry post-entry-type-page post-entry-1773'><div class='entry-content-wrapper clearfix'>\n","protected":false},"excerpt":{"rendered":"","protected":false},"author":1,"featured_media":0,"parent":0,"menu_order":0,"comment_status":"open","ping_status":"closed","template":"","meta":{"footnotes":""},"class_list":["post-1773","page","type-page","status-publish","hentry"],"yoast_head":"<!-- This site is optimized with the Yoast SEO plugin v23.9 - https:\/\/yoast.com\/wordpress\/plugins\/seo\/ -->\n<title>Qui Som | Sinergiq - Asesor\u00eda en relaciones institucionales e internacionales<\/title>\n<meta name=\"robots\" content=\"index, follow, max-snippet:-1, max-image-preview:large, max-video-preview:-1\" \/>\n<link rel=\"canonical\" href=\"https:\/\/sinergiq.com\/ca\/qui-som\/\" \/>\n<meta property=\"og:locale\" content=\"ca_ES\" \/>\n<meta property=\"og:type\" content=\"article\" \/>\n<meta property=\"og:title\" content=\"Qui Som | Sinergiq - Asesor\u00eda en relaciones institucionales e internacionales\" \/>\n<meta property=\"og:url\" content=\"https:\/\/sinergiq.com\/ca\/qui-som\/\" \/>\n<meta property=\"og:site_name\" content=\"Sinergiq - Asesor\u00eda en relaciones institucionales e internacionales\" \/>\n<meta property=\"article:modified_time\" content=\"2015-09-30T12:31:31+00:00\" \/>\n<meta name=\"twitter:card\" content=\"summary_large_image\" \/>\n<meta name=\"twitter:label1\" content=\"Est. reading time\" \/>\n\t<meta name=\"twitter:data1\" content=\"5 minutes\" \/>\n<script type=\"application\/ld+json\" class=\"yoast-schema-graph\">{\"@context\":\"https:\/\/schema.org\",\"@graph\":[{\"@type\":\"WebPage\",\"@id\":\"https:\/\/sinergiq.com\/ca\/qui-som\/\",\"url\":\"https:\/\/sinergiq.com\/ca\/qui-som\/\",\"name\":\"Qui Som | Sinergiq - Asesor\u00eda en relaciones institucionales e internacionales\",\"isPartOf\":{\"@id\":\"https:\/\/sinergiq.com\/#website\"},\"datePublished\":\"2015-01-08T09:46:23+00:00\",\"dateModified\":\"2015-09-30T12:31:31+00:00\",\"breadcrumb\":{\"@id\":\"https:\/\/sinergiq.com\/ca\/qui-som\/#breadcrumb\"},\"inLanguage\":\"ca\",\"potentialAction\":[{\"@type\":\"ReadAction\",\"target\":[\"https:\/\/sinergiq.com\/ca\/qui-som\/\"]}]},{\"@type\":\"BreadcrumbList\",\"@id\":\"https:\/\/sinergiq.com\/ca\/qui-som\/#breadcrumb\",\"itemListElement\":[{\"@type\":\"ListItem\",\"position\":1,\"name\":\"Portada\",\"item\":\"https:\/\/sinergiq.com\/ca\/\"},{\"@type\":\"ListItem\",\"position\":2,\"name\":\"Qui Som\"}]},{\"@type\":\"WebSite\",\"@id\":\"https:\/\/sinergiq.com\/#website\",\"url\":\"https:\/\/sinergiq.com\/\",\"name\":\"Sinergiq - Asesor\u00eda en relaciones institucionales e internacionales\",\"description\":\"Relaciones que crean valor\",\"publisher\":{\"@id\":\"https:\/\/sinergiq.com\/#organization\"},\"potentialAction\":[{\"@type\":\"SearchAction\",\"target\":{\"@type\":\"EntryPoint\",\"urlTemplate\":\"https:\/\/sinergiq.com\/?s={search_term_string}\"},\"query-input\":{\"@type\":\"PropertyValueSpecification\",\"valueRequired\":true,\"valueName\":\"search_term_string\"}}],\"inLanguage\":\"ca\"},{\"@type\":\"Organization\",\"@id\":\"https:\/\/sinergiq.com\/#organization\",\"name\":\"Sinergiq\",\"url\":\"https:\/\/sinergiq.com\/\",\"logo\":{\"@type\":\"ImageObject\",\"inLanguage\":\"ca\",\"@id\":\"https:\/\/sinergiq.com\/#\/schema\/logo\/image\/\",\"url\":\"https:\/\/i0.wp.com\/sinergiq.com\/wp-content\/uploads\/2015\/08\/Logo-Sinergiq-English.jpg?fit=340%2C137&ssl=1\",\"contentUrl\":\"https:\/\/i0.wp.com\/sinergiq.com\/wp-content\/uploads\/2015\/08\/Logo-Sinergiq-English.jpg?fit=340%2C137&ssl=1\",\"width\":340,\"height\":137,\"caption\":\"Sinergiq\"},\"image\":{\"@id\":\"https:\/\/sinergiq.com\/#\/schema\/logo\/image\/\"}}]}<\/script>\n<!-- \/ Yoast SEO plugin. -->","yoast_head_json":{"title":"Qui Som | Sinergiq - Asesor\u00eda en relaciones institucionales e internacionales","robots":{"index":"index","follow":"follow","max-snippet":"max-snippet:-1","max-image-preview":"max-image-preview:large","max-video-preview":"max-video-preview:-1"},"canonical":"https:\/\/sinergiq.com\/ca\/qui-som\/","og_locale":"ca_ES","og_type":"article","og_title":"Qui Som | Sinergiq - Asesor\u00eda en relaciones institucionales e internacionales","og_url":"https:\/\/sinergiq.com\/ca\/qui-som\/","og_site_name":"Sinergiq - Asesor\u00eda en relaciones institucionales e internacionales","article_modified_time":"2015-09-30T12:31:31+00:00","twitter_card":"summary_large_image","twitter_misc":{"Est. reading time":"5 minutes"},"schema":{"@context":"https:\/\/schema.org","@graph":[{"@type":"WebPage","@id":"https:\/\/sinergiq.com\/ca\/qui-som\/","url":"https:\/\/sinergiq.com\/ca\/qui-som\/","name":"Qui Som | Sinergiq - Asesor\u00eda en relaciones institucionales e internacionales","isPartOf":{"@id":"https:\/\/sinergiq.com\/#website"},"datePublished":"2015-01-08T09:46:23+00:00","dateModified":"2015-09-30T12:31:31+00:00","breadcrumb":{"@id":"https:\/\/sinergiq.com\/ca\/qui-som\/#breadcrumb"},"inLanguage":"ca","potentialAction":[{"@type":"ReadAction","target":["https:\/\/sinergiq.com\/ca\/qui-som\/"]}]},{"@type":"BreadcrumbList","@id":"https:\/\/sinergiq.com\/ca\/qui-som\/#breadcrumb","itemListElement":[{"@type":"ListItem","position":1,"name":"Portada","item":"https:\/\/sinergiq.com\/ca\/"},{"@type":"ListItem","position":2,"name":"Qui Som"}]},{"@type":"WebSite","@id":"https:\/\/sinergiq.com\/#website","url":"https:\/\/sinergiq.com\/","name":"Sinergiq - Asesor\u00eda en relaciones institucionales e internacionales","description":"Relaciones que crean valor","publisher":{"@id":"https:\/\/sinergiq.com\/#organization"},"potentialAction":[{"@type":"SearchAction","target":{"@type":"EntryPoint","urlTemplate":"https:\/\/sinergiq.com\/?s={search_term_string}"},"query-input":{"@type":"PropertyValueSpecification","valueRequired":true,"valueName":"search_term_string"}}],"inLanguage":"ca"},{"@type":"Organization","@id":"https:\/\/sinergiq.com\/#organization","name":"Sinergiq","url":"https:\/\/sinergiq.com\/","logo":{"@type":"ImageObject","inLanguage":"ca","@id":"https:\/\/sinergiq.com\/#\/schema\/logo\/image\/","url":"https:\/\/i0.wp.com\/sinergiq.com\/wp-content\/uploads\/2015\/08\/Logo-Sinergiq-English.jpg?fit=340%2C137&ssl=1","contentUrl":"https:\/\/i0.wp.com\/sinergiq.com\/wp-content\/uploads\/2015\/08\/Logo-Sinergiq-English.jpg?fit=340%2C137&ssl=1","width":340,"height":137,"caption":"Sinergiq"},"image":{"@id":"https:\/\/sinergiq.com\/#\/schema\/logo\/image\/"}}]}},"_links":{"self":[{"href":"https:\/\/sinergiq.com\/ca\/wp-json\/wp\/v2\/pages\/1773","targetHints":{"allow":["GET"]}}],"collection":[{"href":"https:\/\/sinergiq.com\/ca\/wp-json\/wp\/v2\/pages"}],"about":[{"href":"https:\/\/sinergiq.com\/ca\/wp-json\/wp\/v2\/types\/page"}],"author":[{"embeddable":true,"href":"https:\/\/sinergiq.com\/ca\/wp-json\/wp\/v2\/users\/1"}],"replies":[{"embeddable":true,"href":"https:\/\/sinergiq.com\/ca\/wp-json\/wp\/v2\/comments?post=1773"}],"version-history":[{"count":7,"href":"https:\/\/sinergiq.com\/ca\/wp-json\/wp\/v2\/pages\/1773\/revisions"}],"predecessor-version":[{"id":2572,"href":"https:\/\/sinergiq.com\/ca\/wp-json\/wp\/v2\/pages\/1773\/revisions\/2572"}],"wp:attachment":[{"href":"https:\/\/sinergiq.com\/ca\/wp-json\/wp\/v2\/media?parent=1773"}],"curies":[{"name":"wp","href":"https:\/\/api.w.org\/{rel}","templated":true}]}}